{"id":25,"date":"2024-05-21T20:54:19","date_gmt":"2024-05-21T17:54:19","guid":{"rendered":"https:\/\/karavanmetalekipman.com\/?page_id=25"},"modified":"2024-05-30T22:25:34","modified_gmt":"2024-05-30T19:25:34","slug":"karavan-masa-ayak","status":"publish","type":"page","link":"https:\/\/karavanmetalekipman.com\/index.php\/karavan-masa-ayak\/","title":{"rendered":"Karavan Masa Ayak"},"content":{"rendered":"\n<p>Karavan ya\u015fam\u0131n\u0131n zorluklar\u0131na dayanacak \u015fekilde tasarlanan metal masa ayaklar\u0131m\u0131z, hem sa\u011flaml\u0131k hem de estetik a\u00e7\u0131dan m\u00fckemmel bir denge sunar. Y\u00fcksek kaliteli \u00e7elikten \u00fcretilen bu masa ayaklar\u0131, her t\u00fcrl\u00fc hava ko\u015fuluna ve yol \u015fartlar\u0131na kar\u015f\u0131 \u00fcst\u00fcn dayan\u0131kl\u0131l\u0131k g\u00f6sterir. Kolay montaj \u00f6zellikleri sayesinde, karavan\u0131n\u0131zda ihtiya\u00e7 duydu\u011funuz her an kullan\u0131ma haz\u0131rd\u0131r. \u015e\u0131k ve modern tasar\u0131m\u0131yla karavan\u0131n\u0131z\u0131n i\u00e7 mekan\u0131na zarif bir dokunu\u015f katarken, pratikli\u011fiyle de g\u00fcnl\u00fck ya\u015fam\u0131n\u0131za konfor ve g\u00fcvenlik sa\u011flar. Seyahatlerinizde dayan\u0131kl\u0131l\u0131\u011f\u0131 ve esteti\u011fi bir arada sunan metal masa ayaklar\u0131m\u0131zla, karavan\u0131n\u0131zda konforu ve \u015f\u0131kl\u0131\u011f\u0131 bir arada ya\u015fay\u0131n.<\/p>\n\n\n\n<figure class=\"wp-block-gallery has-nested-images columns-default is-cropped wp-block-gallery-1 is-layout-flex wp-block-gallery-is-layout-flex\">\n<figure data-wp-context=\"{&quot;uploadedSrc&quot;:&quot;https:\\\/\\\/karavanmetalekipman.com\\\/wp-content\\\/uploads\\\/2024\\\/05\\\/WhatsApp-Image-2024-05-10-at-13.46.59-1.jpeg&quot;,&quot;figureClassNames&quot;:&quot;wp-block-image size-large&quot;,&quot;figureStyles&quot;:null,&quot;imgClassNames&quot;:&quot;wp-image-27&quot;,&quot;imgStyles&quot;:null,&quot;targetWidth&quot;:1200,&quot;targetHeight&quot;:1600,&quot;scaleAttr&quot;:false,&quot;ariaLabel&quot;:&quot;G\\u00f6rseli b\\u00fcy\\u00fct&quot;,&quot;alt&quot;:&quot;&quot;}\" data-wp-interactive=\"core\/image\" class=\"wp-block-image size-large wp-lightbox-container\"><img loading=\"lazy\" decoding=\"async\" width=\"768\" height=\"1024\" data-wp-init=\"callbacks.setButtonStyles\" data-wp-on--click=\"actions.showLightbox\" data-wp-on--load=\"callbacks.setButtonStyles\" data-wp-on-window--resize=\"callbacks.setButtonStyles\" data-id=\"27\" src=\"https:\/\/i0.wp.com\/karavanmetalekipman.com\/wp-content\/uploads\/2024\/05\/WhatsApp-Image-2024-05-10-at-13.46.59-1.jpeg?resize=768%2C1024&#038;ssl=1\" alt=\"\" class=\"wp-image-27\" srcset=\"https:\/\/i0.wp.com\/karavanmetalekipman.com\/wp-content\/uploads\/2024\/05\/WhatsApp-Image-2024-05-10-at-13.46.59-1.jpeg?resize=768%2C1024&amp;ssl=1 768w, https:\/\/i0.wp.com\/karavanmetalekipman.com\/wp-content\/uploads\/2024\/05\/WhatsApp-Image-2024-05-10-at-13.46.59-1.jpeg?resize=225%2C300&amp;ssl=1 225w, https:\/\/i0.wp.com\/karavanmetalekipman.com\/wp-content\/uploads\/2024\/05\/WhatsApp-Image-2024-05-10-at-13.46.59-1.jpeg?resize=1152%2C1536&amp;ssl=1 1152w, https:\/\/i0.wp.com\/karavanmetalekipman.com\/wp-content\/uploads\/2024\/05\/WhatsApp-Image-2024-05-10-at-13.46.59-1.jpeg?w=1200&amp;ssl=1 1200w\" sizes=\"(max-width: 768px) 100vw, 768px\" data-recalc-dims=\"1\" \/><button\n\t\t\tclass=\"lightbox-trigger\"\n\t\t\ttype=\"button\"\n\t\t\taria-haspopup=\"dialog\"\n\t\t\taria-label=\"G\u00f6rseli b\u00fcy\u00fct\"\n\t\t\tdata-wp-init=\"callbacks.initTriggerButton\"\n\t\t\tdata-wp-on--click=\"actions.showLightbox\"\n\t\t\tdata-wp-style--right=\"context.imageButtonRight\"\n\t\t\tdata-wp-style--top=\"context.imageButtonTop\"\n\t\t>\n\t\t\t<svg xmlns=\"http:\/\/www.w3.org\/2000\/svg\" width=\"12\" height=\"12\" fill=\"none\" viewBox=\"0 0 12 12\">\n\t\t\t\t<path fill=\"#fff\" d=\"M2 0a2 2 0 0 0-2 2v2h1.5V2a.5.5 0 0 1 .5-.5h2V0H2Zm2 10.5H2a.5.5 0 0 1-.5-.5V8H0v2a2 2 0 0 0 2 2h2v-1.5ZM8 12v-1.5h2a.5.5 0 0 0 .5-.5V8H12v2a2 2 0 0 1-2 2H8Zm2-12a2 2 0 0 1 2 2v2h-1.5V2a.5.5 0 0 0-.5-.5H8V0h2Z\" \/>\n\t\t\t<\/svg>\n\t\t<\/button><\/figure>\n\n\n\n<figure data-wp-context=\"{&quot;uploadedSrc&quot;:&quot;https:\\\/\\\/karavanmetalekipman.com\\\/wp-content\\\/uploads\\\/2024\\\/05\\\/WhatsApp-Image-2024-05-10-at-13.47.00.jpeg&quot;,&quot;figureClassNames&quot;:&quot;wp-block-image size-large&quot;,&quot;figureStyles&quot;:null,&quot;imgClassNames&quot;:&quot;wp-image-28&quot;,&quot;imgStyles&quot;:null,&quot;targetWidth&quot;:1600,&quot;targetHeight&quot;:1200,&quot;scaleAttr&quot;:false,&quot;ariaLabel&quot;:&quot;G\\u00f6rseli b\\u00fcy\\u00fct&quot;,&quot;alt&quot;:&quot;&quot;}\" data-wp-interactive=\"core\/image\" class=\"wp-block-image size-large wp-lightbox-container\"><img loading=\"lazy\" decoding=\"async\" width=\"1024\" height=\"768\" data-wp-init=\"callbacks.setButtonStyles\" data-wp-on--click=\"actions.showLightbox\" data-wp-on--load=\"callbacks.setButtonStyles\" data-wp-on-window--resize=\"callbacks.setButtonStyles\" data-id=\"28\" src=\"https:\/\/i0.wp.com\/karavanmetalekipman.com\/wp-content\/uploads\/2024\/05\/WhatsApp-Image-2024-05-10-at-13.47.00.jpeg?resize=1024%2C768&#038;ssl=1\" alt=\"\" class=\"wp-image-28\" srcset=\"https:\/\/i0.wp.com\/karavanmetalekipman.com\/wp-content\/uploads\/2024\/05\/WhatsApp-Image-2024-05-10-at-13.47.00.jpeg?resize=1024%2C768&amp;ssl=1 1024w, https:\/\/i0.wp.com\/karavanmetalekipman.com\/wp-content\/uploads\/2024\/05\/WhatsApp-Image-2024-05-10-at-13.47.00.jpeg?resize=300%2C225&amp;ssl=1 300w, https:\/\/i0.wp.com\/karavanmetalekipman.com\/wp-content\/uploads\/2024\/05\/WhatsApp-Image-2024-05-10-at-13.47.00.jpeg?resize=768%2C576&amp;ssl=1 768w, https:\/\/i0.wp.com\/karavanmetalekipman.com\/wp-content\/uploads\/2024\/05\/WhatsApp-Image-2024-05-10-at-13.47.00.jpeg?resize=1536%2C1152&amp;ssl=1 1536w, https:\/\/i0.wp.com\/karavanmetalekipman.com\/wp-content\/uploads\/2024\/05\/WhatsApp-Image-2024-05-10-at-13.47.00.jpeg?w=1600&amp;ssl=1 1600w\" sizes=\"(max-width: 1000px) 100vw, 1000px\" data-recalc-dims=\"1\" \/><button\n\t\t\tclass=\"lightbox-trigger\"\n\t\t\ttype=\"button\"\n\t\t\taria-haspopup=\"dialog\"\n\t\t\taria-label=\"G\u00f6rseli b\u00fcy\u00fct\"\n\t\t\tdata-wp-init=\"callbacks.initTriggerButton\"\n\t\t\tdata-wp-on--click=\"actions.showLightbox\"\n\t\t\tdata-wp-style--right=\"context.imageButtonRight\"\n\t\t\tdata-wp-style--top=\"context.imageButtonTop\"\n\t\t>\n\t\t\t<svg xmlns=\"http:\/\/www.w3.org\/2000\/svg\" width=\"12\" height=\"12\" fill=\"none\" viewBox=\"0 0 12 12\">\n\t\t\t\t<path fill=\"#fff\" d=\"M2 0a2 2 0 0 0-2 2v2h1.5V2a.5.5 0 0 1 .5-.5h2V0H2Zm2 10.5H2a.5.5 0 0 1-.5-.5V8H0v2a2 2 0 0 0 2 2h2v-1.5ZM8 12v-1.5h2a.5.5 0 0 0 .5-.5V8H12v2a2 2 0 0 1-2 2H8Zm2-12a2 2 0 0 1 2 2v2h-1.5V2a.5.5 0 0 0-.5-.5H8V0h2Z\" \/>\n\t\t\t<\/svg>\n\t\t<\/button><\/figure>\n\n\n\n<figure data-wp-context=\"{&quot;uploadedSrc&quot;:&quot;https:\\\/\\\/karavanmetalekipman.com\\\/wp-content\\\/uploads\\\/2024\\\/05\\\/WhatsApp-Image-2024-05-10-at-13.46.56.jpeg&quot;,&quot;figureClassNames&quot;:&quot;wp-block-image size-large&quot;,&quot;figureStyles&quot;:null,&quot;imgClassNames&quot;:&quot;wp-image-26&quot;,&quot;imgStyles&quot;:null,&quot;targetWidth&quot;:1200,&quot;targetHeight&quot;:1600,&quot;scaleAttr&quot;:false,&quot;ariaLabel&quot;:&quot;G\\u00f6rseli b\\u00fcy\\u00fct&quot;,&quot;alt&quot;:&quot;&quot;}\" data-wp-interactive=\"core\/image\" class=\"wp-block-image size-large wp-lightbox-container\"><img loading=\"lazy\" decoding=\"async\" width=\"768\" height=\"1024\" data-wp-init=\"callbacks.setButtonStyles\" data-wp-on--click=\"actions.showLightbox\" data-wp-on--load=\"callbacks.setButtonStyles\" data-wp-on-window--resize=\"callbacks.setButtonStyles\" data-id=\"26\" src=\"https:\/\/i0.wp.com\/karavanmetalekipman.com\/wp-content\/uploads\/2024\/05\/WhatsApp-Image-2024-05-10-at-13.46.56.jpeg?resize=768%2C1024&#038;ssl=1\" alt=\"\" class=\"wp-image-26\" srcset=\"https:\/\/i0.wp.com\/karavanmetalekipman.com\/wp-content\/uploads\/2024\/05\/WhatsApp-Image-2024-05-10-at-13.46.56.jpeg?resize=768%2C1024&amp;ssl=1 768w, https:\/\/i0.wp.com\/karavanmetalekipman.com\/wp-content\/uploads\/2024\/05\/WhatsApp-Image-2024-05-10-at-13.46.56.jpeg?resize=225%2C300&amp;ssl=1 225w, https:\/\/i0.wp.com\/karavanmetalekipman.com\/wp-content\/uploads\/2024\/05\/WhatsApp-Image-2024-05-10-at-13.46.56.jpeg?resize=1152%2C1536&amp;ssl=1 1152w, https:\/\/i0.wp.com\/karavanmetalekipman.com\/wp-content\/uploads\/2024\/05\/WhatsApp-Image-2024-05-10-at-13.46.56.jpeg?w=1200&amp;ssl=1 1200w\" sizes=\"(max-width: 768px) 100vw, 768px\" data-recalc-dims=\"1\" \/><button\n\t\t\tclass=\"lightbox-trigger\"\n\t\t\ttype=\"button\"\n\t\t\taria-haspopup=\"dialog\"\n\t\t\taria-label=\"G\u00f6rseli b\u00fcy\u00fct\"\n\t\t\tdata-wp-init=\"callbacks.initTriggerButton\"\n\t\t\tdata-wp-on--click=\"actions.showLightbox\"\n\t\t\tdata-wp-style--right=\"context.imageButtonRight\"\n\t\t\tdata-wp-style--top=\"context.imageButtonTop\"\n\t\t>\n\t\t\t<svg xmlns=\"http:\/\/www.w3.org\/2000\/svg\" width=\"12\" height=\"12\" fill=\"none\" viewBox=\"0 0 12 12\">\n\t\t\t\t<path fill=\"#fff\" d=\"M2 0a2 2 0 0 0-2 2v2h1.5V2a.5.5 0 0 1 .5-.5h2V0H2Zm2 10.5H2a.5.5 0 0 1-.5-.5V8H0v2a2 2 0 0 0 2 2h2v-1.5ZM8 12v-1.5h2a.5.5 0 0 0 .5-.5V8H12v2a2 2 0 0 1-2 2H8Zm2-12a2 2 0 0 1 2 2v2h-1.5V2a.5.5 0 0 0-.5-.5H8V0h2Z\" \/>\n\t\t\t<\/svg>\n\t\t<\/button><\/figure>\n\n\n\n<figure data-wp-context=\"{&quot;uploadedSrc&quot;:&quot;https:\\\/\\\/karavanmetalekipman.com\\\/wp-content\\\/uploads\\\/2024\\\/05\\\/WhatsApp-Image-2024-05-28-at-15.41.13.jpeg&quot;,&quot;figureClassNames&quot;:&quot;wp-block-image size-large&quot;,&quot;figureStyles&quot;:null,&quot;imgClassNames&quot;:&quot;wp-image-67&quot;,&quot;imgStyles&quot;:null,&quot;targetWidth&quot;:1536,&quot;targetHeight&quot;:2048,&quot;scaleAttr&quot;:false,&quot;ariaLabel&quot;:&quot;G\\u00f6rseli b\\u00fcy\\u00fct&quot;,&quot;alt&quot;:&quot;&quot;}\" data-wp-interactive=\"core\/image\" class=\"wp-block-image size-large wp-lightbox-container\"><img loading=\"lazy\" decoding=\"async\" width=\"768\" height=\"1024\" data-wp-init=\"callbacks.setButtonStyles\" data-wp-on--click=\"actions.showLightbox\" data-wp-on--load=\"callbacks.setButtonStyles\" data-wp-on-window--resize=\"callbacks.setButtonStyles\" data-id=\"67\" src=\"https:\/\/i0.wp.com\/karavanmetalekipman.com\/wp-content\/uploads\/2024\/05\/WhatsApp-Image-2024-05-28-at-15.41.13.jpeg?resize=768%2C1024&#038;ssl=1\" alt=\"\" class=\"wp-image-67\" srcset=\"https:\/\/i0.wp.com\/karavanmetalekipman.com\/wp-content\/uploads\/2024\/05\/WhatsApp-Image-2024-05-28-at-15.41.13.jpeg?resize=768%2C1024&amp;ssl=1 768w, https:\/\/i0.wp.com\/karavanmetalekipman.com\/wp-content\/uploads\/2024\/05\/WhatsApp-Image-2024-05-28-at-15.41.13.jpeg?resize=225%2C300&amp;ssl=1 225w, https:\/\/i0.wp.com\/karavanmetalekipman.com\/wp-content\/uploads\/2024\/05\/WhatsApp-Image-2024-05-28-at-15.41.13.jpeg?resize=1152%2C1536&amp;ssl=1 1152w, https:\/\/i0.wp.com\/karavanmetalekipman.com\/wp-content\/uploads\/2024\/05\/WhatsApp-Image-2024-05-28-at-15.41.13.jpeg?w=1536&amp;ssl=1 1536w\" sizes=\"(max-width: 768px) 100vw, 768px\" data-recalc-dims=\"1\" \/><button\n\t\t\tclass=\"lightbox-trigger\"\n\t\t\ttype=\"button\"\n\t\t\taria-haspopup=\"dialog\"\n\t\t\taria-label=\"G\u00f6rseli b\u00fcy\u00fct\"\n\t\t\tdata-wp-init=\"callbacks.initTriggerButton\"\n\t\t\tdata-wp-on--click=\"actions.showLightbox\"\n\t\t\tdata-wp-style--right=\"context.imageButtonRight\"\n\t\t\tdata-wp-style--top=\"context.imageButtonTop\"\n\t\t>\n\t\t\t<svg xmlns=\"http:\/\/www.w3.org\/2000\/svg\" width=\"12\" height=\"12\" fill=\"none\" viewBox=\"0 0 12 12\">\n\t\t\t\t<path fill=\"#fff\" d=\"M2 0a2 2 0 0 0-2 2v2h1.5V2a.5.5 0 0 1 .5-.5h2V0H2Zm2 10.5H2a.5.5 0 0 1-.5-.5V8H0v2a2 2 0 0 0 2 2h2v-1.5ZM8 12v-1.5h2a.5.5 0 0 0 .5-.5V8H12v2a2 2 0 0 1-2 2H8Zm2-12a2 2 0 0 1 2 2v2h-1.5V2a.5.5 0 0 0-.5-.5H8V0h2Z\" \/>\n\t\t\t<\/svg>\n\t\t<\/button><\/figure>\n\n\n\n<figure data-wp-context=\"{&quot;uploadedSrc&quot;:&quot;https:\\\/\\\/karavanmetalekipman.com\\\/wp-content\\\/uploads\\\/2024\\\/05\\\/WhatsApp-Image-2024-05-28-at-15.41.13-1.jpeg&quot;,&quot;figureClassNames&quot;:&quot;wp-block-image size-large&quot;,&quot;figureStyles&quot;:null,&quot;imgClassNames&quot;:&quot;wp-image-66&quot;,&quot;imgStyles&quot;:null,&quot;targetWidth&quot;:1536,&quot;targetHeight&quot;:2048,&quot;scaleAttr&quot;:false,&quot;ariaLabel&quot;:&quot;G\\u00f6rseli b\\u00fcy\\u00fct&quot;,&quot;alt&quot;:&quot;&quot;}\" data-wp-interactive=\"core\/image\" class=\"wp-block-image size-large wp-lightbox-container\"><img loading=\"lazy\" decoding=\"async\" width=\"768\" height=\"1024\" data-wp-init=\"callbacks.setButtonStyles\" data-wp-on--click=\"actions.showLightbox\" data-wp-on--load=\"callbacks.setButtonStyles\" data-wp-on-window--resize=\"callbacks.setButtonStyles\" data-id=\"66\" src=\"https:\/\/i0.wp.com\/karavanmetalekipman.com\/wp-content\/uploads\/2024\/05\/WhatsApp-Image-2024-05-28-at-15.41.13-1.jpeg?resize=768%2C1024&#038;ssl=1\" alt=\"\" class=\"wp-image-66\" srcset=\"https:\/\/i0.wp.com\/karavanmetalekipman.com\/wp-content\/uploads\/2024\/05\/WhatsApp-Image-2024-05-28-at-15.41.13-1.jpeg?resize=768%2C1024&amp;ssl=1 768w, https:\/\/i0.wp.com\/karavanmetalekipman.com\/wp-content\/uploads\/2024\/05\/WhatsApp-Image-2024-05-28-at-15.41.13-1.jpeg?resize=225%2C300&amp;ssl=1 225w, https:\/\/i0.wp.com\/karavanmetalekipman.com\/wp-content\/uploads\/2024\/05\/WhatsApp-Image-2024-05-28-at-15.41.13-1.jpeg?resize=1152%2C1536&amp;ssl=1 1152w, https:\/\/i0.wp.com\/karavanmetalekipman.com\/wp-content\/uploads\/2024\/05\/WhatsApp-Image-2024-05-28-at-15.41.13-1.jpeg?w=1536&amp;ssl=1 1536w\" sizes=\"(max-width: 768px) 100vw, 768px\" data-recalc-dims=\"1\" \/><button\n\t\t\tclass=\"lightbox-trigger\"\n\t\t\ttype=\"button\"\n\t\t\taria-haspopup=\"dialog\"\n\t\t\taria-label=\"G\u00f6rseli b\u00fcy\u00fct\"\n\t\t\tdata-wp-init=\"callbacks.initTriggerButton\"\n\t\t\tdata-wp-on--click=\"actions.showLightbox\"\n\t\t\tdata-wp-style--right=\"context.imageButtonRight\"\n\t\t\tdata-wp-style--top=\"context.imageButtonTop\"\n\t\t>\n\t\t\t<svg xmlns=\"http:\/\/www.w3.org\/2000\/svg\" width=\"12\" height=\"12\" fill=\"none\" viewBox=\"0 0 12 12\">\n\t\t\t\t<path fill=\"#fff\" d=\"M2 0a2 2 0 0 0-2 2v2h1.5V2a.5.5 0 0 1 .5-.5h2V0H2Zm2 10.5H2a.5.5 0 0 1-.5-.5V8H0v2a2 2 0 0 0 2 2h2v-1.5ZM8 12v-1.5h2a.5.5 0 0 0 .5-.5V8H12v2a2 2 0 0 1-2 2H8Zm2-12a2 2 0 0 1 2 2v2h-1.5V2a.5.5 0 0 0-.5-.5H8V0h2Z\" \/>\n\t\t\t<\/svg>\n\t\t<\/button><\/figure>\n<\/figure>\n","protected":false},"excerpt":{"rendered":"<p>Karavan ya\u015fam\u0131n\u0131n zorluklar\u0131na dayanacak \u015fekilde tasarlanan metal masa ayaklar\u0131m\u0131z, hem sa\u011flaml\u0131k hem de estetik a\u00e7\u0131dan m\u00fckemmel bir denge sunar. Y\u00fcksek kaliteli \u00e7elikten \u00fcretilen bu masa ayaklar\u0131, her t\u00fcrl\u00fc hava ko\u015fuluna ve yol \u015fartlar\u0131na kar\u015f\u0131 \u00fcst\u00fcn dayan\u0131kl\u0131l\u0131k g\u00f6sterir. Kolay montaj \u00f6zellikleri sayesinde, karavan\u0131n\u0131zda ihtiya\u00e7 duydu\u011funuz her an kullan\u0131ma haz\u0131rd\u0131r. \u015e\u0131k ve modern tasar\u0131m\u0131yla karavan\u0131n\u0131z\u0131n i\u00e7 mekan\u0131na [&hellip;]<\/p>\n","protected":false},"author":1,"featured_media":66,"parent":0,"menu_order":0,"comment_status":"closed","ping_status":"closed","template":"","meta":{"footnotes":""},"jetpack_sharing_enabled":true,"_links":{"self":[{"href":"https:\/\/karavanmetalekipman.com\/index.php\/wp-json\/wp\/v2\/pages\/25"}],"collection":[{"href":"https:\/\/karavanmetalekipman.com\/index.php\/wp-json\/wp\/v2\/pages"}],"about":[{"href":"https:\/\/karavanmetalekipman.com\/index.php\/wp-json\/wp\/v2\/types\/page"}],"author":[{"embeddable":true,"href":"https:\/\/karavanmetalekipman.com\/index.php\/wp-json\/wp\/v2\/users\/1"}],"replies":[{"embeddable":true,"href":"https:\/\/karavanmetalekipman.com\/index.php\/wp-json\/wp\/v2\/comments?post=25"}],"version-history":[{"count":3,"href":"https:\/\/karavanmetalekipman.com\/index.php\/wp-json\/wp\/v2\/pages\/25\/revisions"}],"predecessor-version":[{"id":74,"href":"https:\/\/karavanmetalekipman.com\/index.php\/wp-json\/wp\/v2\/pages\/25\/revisions\/74"}],"wp:featuredmedia":[{"embeddable":true,"href":"https:\/\/karavanmetalekipman.com\/index.php\/wp-json\/wp\/v2\/media\/66"}],"wp:attachment":[{"href":"https:\/\/karavanmetalekipman.com\/index.php\/wp-json\/wp\/v2\/media?parent=25"}],"curies":[{"name":"wp","href":"https:\/\/api.w.org\/{rel}","templated":true}]}}